{"id":3,"date":"2023-06-05T21:45:06","date_gmt":"2023-06-05T19:45:06","guid":{"rendered":"https:\/\/mazarineparis.fr\/?page_id=3"},"modified":"2025-11-06T22:51:38","modified_gmt":"2025-11-06T21:51:38","slug":"politique-de-confidentialite","status":"publish","type":"page","link":"http:\/\/mazarineparis.fr\/?page_id=3","title":{"rendered":"Mentions l\u00e9gales"},"content":{"rendered":"\n<h2 class=\"wp-block-heading\"><strong>Propri\u00e9taire du Site<\/strong><\/h2>\n\n\n\n<p>L\u2019adresse de notre site est&nbsp;: http:\/\/mazarineparis.fr<\/p>\n\n\n\n<p>Le pr\u00e9sent site est la propri\u00e9t\u00e9 de la soci\u00e9t\u00e9 Mazarine Paris, SARL au capital de 4.000 euros, immatricul\u00e9e au Registre du Commerce et des Soci\u00e9t\u00e9s de Paris sous le B 833 915 804.<\/p>\n\n\n\n<p>Si\u00e8ge social :<\/p>\n\n\n\n<p>Mazarine Paris<br>27-29 rue de Bassano<br>75008 PARIS<br>01 42 89 16 10<\/p>\n\n\n\n<h2 class=\"wp-block-heading\"><strong>R\u00e8glementation<\/strong><\/h2>\n\n\n\n<p>Mazarine Paris est enregistr\u00e9e aupr\u00e8s de l&rsquo;ORIAS (www.orias.fr) sous le n\u00b018001156 en qualit\u00e9 de courtier en assurance, dans la cat\u00e9gorie \u00ab\u00a0B\u00a0\u00bb, comme n\u2019\u00e9tant pas soumise \u00e0 une obligation contractuelle de travailler exclusivement avec une ou plusieurs entreprises d\u2019assurance.<\/p>\n\n\n\n<p>RCP et Garantie Financi\u00e8re MMA-IARD &#8211; 72030 Le Mans Cedex 9.<\/p>\n\n\n\n<h2 class=\"wp-block-heading\"><strong>Traitement des r\u00e9clamations &#8211; assurance-vie<\/strong><\/h2>\n\n\n\n<p>Les adh\u00e9rents qui souhaitent faire part d&rsquo;un \u00e9ventuel diff\u00e9rend peuvent adresser une r\u00e9clamation par \u00e9crit, en lettre recommand\u00e9e avec accus\u00e9 de r\u00e9ception, directement \u00e0 Mazarine Paris, \u00e0 l&rsquo;adresse suivant : Mazarine Paris \u2013 R\u00e9clamations Assurance vie &#8211; 27-29 rue de Bassano &#8211; 75008 Paris.<\/p>\n\n\n\n<p>Un fichier interne recense les r\u00e9clamations et attribue une r\u00e9f\u00e9rence. Mazarine Paris s&rsquo;engage \u00e0 accuser r\u00e9ception de la r\u00e9clamation dans un d\u00e9lai maximum de 10 jours.<\/p>\n\n\n\n<p>Mazarine Paris s&rsquo;engage \u00e0 apporter une r\u00e9ponse dans un d\u00e9lai maximum de 2 mois suivant la date de r\u00e9ception de la r\u00e9clamation.<\/p>\n\n\n\n<p>S&rsquo;il s&rsquo;av\u00e9rait que ce d\u00e9lai de 2 mois ne puisse \u00eatre respect\u00e9 du fait de circonstances particuli\u00e8res, Mazarine Paris adressera au r\u00e9clamant un courrier circonstanci\u00e9 sur le traitement de sa r\u00e9clamation.<\/p>\n\n\n\n<p>Dans le cas o\u00f9 la r\u00e9ponse apport\u00e9e par Mazarine Paris ne satisfait pas le r\u00e9clamant, celui-ci conserve toutes voies de recours judiciaire.<\/p>\n\n\n\n<p>Le r\u00e9clamant peut \u00e9galement obtenir des informations aupr\u00e8s de :<br>Autorit\u00e9 de Contr\u00f4le Prudentiel et de R\u00e9solution &#8211; ACPR<br>61, rue Taitbout<br>75436 PARIS Cedex 09<br>Info-clientele@acpr.banque-france.fr<\/p>\n\n\n\n<h2 class=\"wp-block-heading\"><strong>Informations sur le site<\/strong><\/h2>\n\n\n\n<p>Mise en garde<\/p>\n\n\n\n<p>Les informations pr\u00e9sent\u00e9es sur le site www.mazarineparis.fr sont \u00e0 vocation strictement informative et n&#8217;emportent aucun engagement juridique ni accord contractuel de la part de Mazarine Paris, qui se r\u00e9serve par ailleurs la facult\u00e9 de modifier les caract\u00e9ristiques des produits pr\u00e9sent\u00e9s.<br>Les informations mises \u00e0 disposition des Utilisateurs le sont \u00e0 titre purement informatif et ne sauraient en aucun cas constituer un conseil ou une recommandation de quelque nature que ce soit.<\/p>\n\n\n\n<p>Les informations contenues dans le site ont \u00e9t\u00e9 puis\u00e9es \u00e0 des sources consid\u00e9r\u00e9es comme fiables et \u00e0 jour. Ces informations sont susceptibles d&rsquo;\u00eatres modifi\u00e9es ult\u00e9rieurement. Malgr\u00e9 tous les soins apport\u00e9s, le site peut comporter des inexactitudes, des d\u00e9fauts de mise \u00e0 jour ou des erreurs.<br>Les informations d\u2019ordre juridique et fiscal contenues dans ce site sont \u00e0 jour au moment de sa parution et sont susceptibles d\u2019\u00e9voluer.<\/p>\n\n\n\n<p>Ni le site, ni les informations qui y sont diffus\u00e9es ne peuvent \u00eatre consid\u00e9r\u00e9s comme une offre ou une sollicitation et\/ou une incitation d&rsquo;achat, de souscription ou de vente. Les dites informations n&rsquo;ont pas pour finalit\u00e9 d&rsquo;effectuer directement ou indirectement un quelconque acte de d\u00e9marchage ou une quelconque offre aupr\u00e8s de l&rsquo;Utilisateur.<\/p>\n\n\n\n<p>Pour s&rsquo;assurer que les produits d\u00e9crits sur le pr\u00e9sent Site r\u00e9pondent aux besoins, aux projets, \u00e0 la situation personnelle, financi\u00e8re et patrimoniale de l&rsquo;Utilisateur, une \u00e9tude personnalis\u00e9e r\u00e9alis\u00e9e par un Professionnel du Patrimoine qui va l&rsquo;assister pour comprendre la port\u00e9e et les risques de l\u2019op\u00e9ration est n\u00e9cessaire. La l\u00e9gislation en vigueur, les diff\u00e9rents march\u00e9s et la situation personnelle et financi\u00e8re \u00e9tant susceptibles d\u2019\u00e9volution, les informations pr\u00e9sentes sur le pr\u00e9sent Site ne sont donn\u00e9es qu\u2019\u00e0 titre purement indicatif.<\/p>\n\n\n\n<p><\/p>\n\n\n\n<h2 class=\"wp-block-heading\">Conditions g\u00e9n\u00e9rales d&rsquo;utilisation<\/h2>\n\n\n\n<p>L&rsquo;utilisation du site est soumise \u00e0 l&rsquo;acceptation des pr\u00e9sentes conditions g\u00e9n\u00e9rales d\u2019utilisation \u00ab CGU \u00bb qui ont pour objet de d\u00e9finir les modalit\u00e9s et conditions dans lesquelles la soci\u00e9t\u00e9 Mazarine Paris met \u00e0 la disposition des utilisateurs professionnelles ou non professionnels \u00ab l\u2019Utilisateur \u00bb ou \u00ab les Utilisateurs\u00bb son site www.mazarineparis.fr \u00ab le Site \u00bb, et les services disponibles sur le Site ainsi que la mani\u00e8re par laquelle l\u2019Utilisateur acc\u00e8de au Site et utilise ses services.<\/p>\n\n\n\n<p>Toute connexion au Site est subordonn\u00e9e au respect des pr\u00e9sentes conditions g\u00e9n\u00e9rales d&rsquo;utilisation.<br>Pour l\u2019Utilisateur, le simple acc\u00e8s au Site de Mazarine Paris \u00e0 l\u2019adresse URL www.mazarineparis.fr implique l\u2019acceptation de l\u2019ensemble des conditions d\u00e9crites ci-apr\u00e8s.<\/p>\n\n\n\n<p>Dans le cas o\u00f9 l\u2019Utilisateur ne souhaite pas accepter tout ou partie des pr\u00e9sentes CGU, il lui est demand\u00e9 de renoncer \u00e0 tout usage du Site.<\/p>\n\n\n\n<p>Chaque visiteur peut consulter les informations figurant sur le site \u00e0 la seule fin de l&rsquo;utiliser pour des besoins personnels \u00e0 l&rsquo;exclusion de toutes autres fins ou utilisations.<\/p>\n\n\n\n<p>Pour acc\u00e9der aux espaces s\u00e9curis\u00e9s de Mazarine Paris, le b\u00e9n\u00e9ficiaire recevra un code d&rsquo;acc\u00e8s et un mot de passe. A l&rsquo;aide de ces codes, le b\u00e9n\u00e9ficiaire pourra acc\u00e9der aux services.<\/p>\n\n\n\n<p>Les codes d&rsquo;acc\u00e8s et les mots de passe sont confidentiels et le b\u00e9n\u00e9ficiaire doit prendre toutes les mesures en vue de conserver cette confidentialit\u00e9.<\/p>\n\n\n\n<p>La responsabilit\u00e9 de Mazarine Paris ne pourra \u00eatre engag\u00e9e en cas d&rsquo;usage frauduleux ou abusif ou d\u00fb \u00e0 une divulgation volontaire ou involontaire \u00e0 quiconque des codes confidentiels et des mots de passe confi\u00e9s au b\u00e9n\u00e9ficiaire.<\/p>\n\n\n\n<p>Ces sites web pourraient collecter des donn\u00e9es sur vous, utiliser des cookies, embarquer des outils de suivis tiers, suivre vos interactions avec ces contenus embarqu\u00e9s si vous disposez d\u2019un compte connect\u00e9 sur leur site web.<\/p>\n\n\n\n<h2 class=\"wp-block-heading\"><strong>Donn\u00e9es personnelles et cookies<\/strong><\/h2>\n\n\n\n<p>L&rsquo;utilisateur est notamment inform\u00e9 que, conform\u00e9ment \u00e0 la loi informatique et libert\u00e9 du 6 janvier 1978, les informations recueillies sur le site sont n\u00e9cessaires au traitement de sa demande. Il dispose d&rsquo;un droit d&rsquo;acc\u00e8s, de rectification et de suppression des informations qui le concernent aupr\u00e8s de Mazarine Paris \u00e0 l\u2019adresse &#8211; Service Informatique &#8211; 27-29 rue de Bassano 75008 PARIS.<\/p>\n\n\n\n<p>L&rsquo;utilisateur est inform\u00e9 que, lors de ses visites sur le site, un cookie peut s&rsquo;installer automatiquement sur son logiciel de navigation.<\/p>\n\n\n\n<p>Le cookie est un bloc de donn\u00e9es qui ne permet pas d&rsquo;identifier l&rsquo;utilisateur mais sert \u00e0 enregistrer des informations relatives \u00e0 la navigation de celui-ci sur le site. Le cookie collectant indirectement des informations concernant l&rsquo;utilisateur, nous vous rappelons que vous disposez, dans votre logiciel de navigation, de la possibilit\u00e9 de bloquer l&rsquo;implantation de cookies sur votre ordinateur.<\/p>\n\n\n\n<h2 class=\"wp-block-heading\"><strong>Propri\u00e9t\u00e9 intellectuelle et responsabilit\u00e9<\/strong><\/h2>\n\n\n\n<p>Le site, sa structure g\u00e9n\u00e9rale, ainsi que les logiciels, ses \u00e9l\u00e9ments et ses contenus sont la propri\u00e9t\u00e9 exclusive de Mazarine Paris.<\/p>\n\n\n\n<p>L&rsquo;ensemble de ce site rel\u00e8ve de la l\u00e9gislation fran\u00e7aise et internationale sur le droit d&rsquo;auteur et la propri\u00e9t\u00e9 intellectuelle. Tous les droits de reproduction sont r\u00e9serv\u00e9s, y compris pour les documents t\u00e9l\u00e9chargeables et les repr\u00e9sentations iconographiques et photographiques.<\/p>\n\n\n\n<p>Toute repr\u00e9sentation et\/ou reproduction et\/ou exploitation partielle ou totale de ce site, par quelques proc\u00e9d\u00e9s que se soient, sans l&rsquo;autorisation expresse et pr\u00e9alable de Mazarine Paris est interdite et constituerait une contrefa\u00e7on au sens des articles L 335-2 et suivants du code de la propri\u00e9t\u00e9 intellectuelle.<\/p>\n\n\n\n<p>Il est interdit de publier, rediffuser, retransmettre ou reproduire \u00e0 des fins commerciales les informations et donn\u00e9es contenues dans ce site web, quel que soit le format ou le support, dans le but de les transmettre \u00e0 un tiers, sauf accord pr\u00e9alable et expr\u00e8s de Mazarine Paris.<\/p>\n\n\n\n<p>Les logos sont des marques d\u00e9pos\u00e9es. Toute repr\u00e9sentation et\/ou reproduction et\/ou exploitation partielle ou totale de ces marques est donc prohib\u00e9e sans l&rsquo;accord pr\u00e9alable \u00e9crit de Mazarine Paris.<\/p>\n\n\n\n<p>Les liens hypertextes mis en \u0153uvre au sein du site en direction d&rsquo;autres sites et\/ou de pages personnelles et d&rsquo;une mani\u00e8re g\u00e9n\u00e9rale vers toutes ressources existantes sur internet ne sauraient engager la responsabilit\u00e9 de Mazarine Paris. La capture d&rsquo;informations nominatives pour enrichir des bases de donn\u00e9es, par exemple \u00e0 des fins commerciales ou publicitaires, est interdite.<\/p>\n\n\n\n<p>En aucun cas les visiteurs de ce site ne sont autoris\u00e9s \u00e0 publier, retransmettre ou reproduire de quelque fa\u00e7on que ce soit tout ou partie des informations, illustrations, photographies diffus\u00e9es, \u00e0 d&rsquo;autres personnes ou organismes. Mazarine Paris ne peut \u00eatre tenue responsable de toute utilisation d\u00e9tourn\u00e9e ou sortie de son contexte des informations fournies sur son site, ainsi que de toute inexactitude, erreur ou omission dans les informations communiqu\u00e9es. Il n&rsquo;est pas non plus responsable du transfert des donn\u00e9es, de la qualit\u00e9 et de la disponibilit\u00e9 des r\u00e9seaux de t\u00e9l\u00e9communication, ni des interruptions de service.<\/p>\n\n\n\n<p><strong>Liens vers les sites tiers<\/strong><\/p>\n\n\n\n<p>Le site Mazarine Paris peut pointer vers des sites tiers. Acc\u00e9der \u00e0 ces liens fait quitter le site de Mazarine Paris.<\/p>\n\n\n\n<p>Les sites cibles ne sont pas sous le contr\u00f4le de Mazarine Paris, par cons\u00e9quent ce dernier n\u2019est pas responsable du contenu de ces sites, des liens qu\u2019ils contiennent ni des changements ou mises \u00e0 jour qui leur sont apport\u00e9s.<\/p>\n\n\n\n<p>Apr\u00e8s accord pr\u00e9alable de Mazarine Paris, la mise en place d\u2019un lien hypertexte est possible pour tous les sites Internet, \u00e0 l\u2019exclusion de ceux diffusant des informations \u00e0 caract\u00e8re pol\u00e9mique, pornographique, x\u00e9nophobe ou pouvant, dans une plus large mesure porter atteinte \u00e0 la sensibilit\u00e9 du plus grand nombre.<\/p>\n\n\n\n<p>Les pages du site www.mazarineparis.fr ne doivent en aucun cas \u00eatre int\u00e9gr\u00e9es \u00e0 l\u2019int\u00e9rieur des pages d\u2019un autre site (Frame).<\/p>\n\n\n\n<h2 class=\"wp-block-heading\"><strong>H\u00e9bergement du site<\/strong><\/h2>\n\n\n\n<p><strong>SAS OVH<\/strong><\/p>\n\n\n\n<p>au capital de 10 069 020 \u20ac<br>2 rue Kellermann<br>59100 Roubaix \u2013 France<\/p>\n","protected":false},"excerpt":{"rendered":"<p>Propri\u00e9taire du Site L\u2019adresse de notre site est&nbsp;: http:\/\/mazarineparis.fr Le pr\u00e9sent site est la propri\u00e9t\u00e9 de la soci\u00e9t\u00e9 Mazarine Paris, SARL au capital de 4.000 euros, immatricul\u00e9e au Registre du Commerce et des Soci\u00e9t\u00e9s de Paris sous le B 833 915 804. Si\u00e8ge social : Mazarine Paris27-29 rue de Bassano75008 PARIS01 42 89 16 10 [&hellip;]<\/p>\n","protected":false},"author":1,"featured_media":0,"parent":0,"menu_order":0,"comment_status":"closed","ping_status":"open","template":"","meta":{"footnotes":""},"class_list":["post-3","page","type-page","status-publish","hentry"],"_links":{"self":[{"href":"http:\/\/mazarineparis.fr\/index.php?rest_route=\/wp\/v2\/pages\/3","targetHints":{"allow":["GET"]}}],"collection":[{"href":"http:\/\/mazarineparis.fr\/index.php?rest_route=\/wp\/v2\/pages"}],"about":[{"href":"http:\/\/mazarineparis.fr\/index.php?rest_route=\/wp\/v2\/types\/page"}],"author":[{"embeddable":true,"href":"http:\/\/mazarineparis.fr\/index.php?rest_route=\/wp\/v2\/users\/1"}],"replies":[{"embeddable":true,"href":"http:\/\/mazarineparis.fr\/index.php?rest_route=%2Fwp%2Fv2%2Fcomments&post=3"}],"version-history":[{"count":15,"href":"http:\/\/mazarineparis.fr\/index.php?rest_route=\/wp\/v2\/pages\/3\/revisions"}],"predecessor-version":[{"id":450,"href":"http:\/\/mazarineparis.fr\/index.php?rest_route=\/wp\/v2\/pages\/3\/revisions\/450"}],"wp:attachment":[{"href":"http:\/\/mazarineparis.fr\/index.php?rest_route=%2Fwp%2Fv2%2Fmedia&parent=3"}],"curies":[{"name":"wp","href":"https:\/\/api.w.org\/{rel}","templated":true}]}}