{"id":126,"date":"2018-08-27T12:15:15","date_gmt":"2018-08-27T12:15:15","guid":{"rendered":"https:\/\/mazarineparis.fr\/?page_id=126"},"modified":"2025-11-27T12:55:44","modified_gmt":"2025-11-27T11:55:44","slug":"home","status":"publish","type":"page","link":"https:\/\/mazarineparis.fr\/","title":{"rendered":""},"content":{"rendered":"\n\n\t<h5>\n\t\t\t\t\tVos placements\n\t\t\t\t<\/h5>\n\t<h1>\n\t\t\t\t\tMazarine Paris\n\t\t\t\t<\/h1>\n\t\t\t<p>Assurance vie (placement pr\u00e9f\u00e9r\u00e9 des fran\u00e7ais)<\/p>\n\t\t\t<a href=\"http:\/\/mazarineparis.fr\/?page_id=302\" target=\"_self\" role=\"button\" rel=\"noopener\">\n\t\t\t\t\t\tDemander un audit patrimonial\n\t\t<\/a>\n\t<h5>\n\t\t\t\t\tServices\n\t\t\t\t<\/h5>\n\t<h2>\n\t\t\t\t\tCe que nous pouvons vous apporter\n\t\t\t\t<\/h2>\n\t\t\t\t<img decoding=\"async\" src=\"http:\/\/mazarineparis.fr\/wp-content\/uploads\/2019\/06\/feature2-free-img-1.png\" alt=\"feature2-free-img.png\" itemprop=\"image\"\/>\n\t<h6>\n\t\t\t\t\t#1\n\t\t\t\t<\/h6>\n\t<h3>\n\t\t\t\t\tAssurance vie\n\t\t\t\t<\/h3>\n\t\t\t<p>Nous vous proposons des placements financiers \u00e0 travers l&rsquo;assurance vie, tout en vous permettant d&rsquo;acc\u00e9der \u00e0 une multitude d&rsquo;OPCM s\u00e9lectionn\u00e9s en fonction des opportunit\u00e9s du moment.<\/p>\n\t\t\t<a href=\"http:\/\/mazarineparis.fr\/?page_id=302\" target=\"_self\" role=\"button\" rel=\"noopener\">\n\t\t\t\t\t\tEn savoir plus\n\t\t<\/a>\n\t<h6>\n\t\t\t\t\t#2\n\t\t\t\t<\/h6>\n\t<h3>\n\t\t\t\t\tLE PERI\n\t\t\t\t<\/h3>\n\t\t\t<p>Le Plan d&rsquo;\u00c9pargne Retraite Individuel (PERI) vous permet de cumuler un capital pour assurer des revenus compl\u00e9mentaires le moment venu.<\/p>\n\t\t\t<a href=\"http:\/\/mazarineparis.fr\/?page_id=302\" target=\"_self\" role=\"button\" rel=\"noopener\">\n\t\t\t\t\t\tEn savoir plus\n\t\t<\/a>\n\t\t\t\t<img decoding=\"async\" src=\"http:\/\/mazarineparis.fr\/wp-content\/uploads\/2019\/06\/feature1-free-img-1.png\" alt=\"feature1-free-img.png\" itemprop=\"image\"\/>\n\t\t\t\t<img decoding=\"async\" src=\"http:\/\/mazarineparis.fr\/wp-content\/uploads\/2019\/06\/feature3-free-img-1.png\" alt=\"feature3-free-img.png\" itemprop=\"image\"\/>\n\t<h6>\n\t\t\t\t\t#3\n\t\t\t\t<\/h6>\n\t<h3>\n\t\t\t\t\tPlacements financiers\n\t\t\t\t<\/h3>\n\t\t\t<p>Fort d&rsquo;une solide exp\u00e9rience de ses dirigeants, Mazarine Paris est en mesure de vous accompagner dans vos choix strat\u00e9giques en fonction de votre situation et de vos objectifs.<\/p>\n\t\t\t<a href=\"http:\/\/mazarineparis.fr\/?page_id=302\" target=\"_self\" role=\"button\" rel=\"noopener\">\n\t\t\t\t\t\tEn savoir plus\n\t\t<\/a>\n\t<h5>\n\t\t\t\t\tPourquoi  nous confier la gestion de votre Patrimoine\n\t\t\t\t<\/h5>\n\t<h2>\n\t\t\t\t\tUne solide exp\u00e9rience\n\t\t\t\t<\/h2>\n\t<ul>\n\t\t<li>\t\t\t\t\n\t\t<h4>Exp\u00e9rience<\/h4><p>Forte exp\u00e9rience dans les placements financiers notamment \u00e0 travers les produits d&rsquo;assurance vie<\/p><\/li>\t<\/ul>\n\t<ul>\n\t\t<li>\t\t\t\t\n\t\t<h4>Sur mesure<\/h4><p>Un conseil sur mesure en fonction de votre \u00e2ge, de votre situation patrimoniale et de vos objectifs<\/p><\/li>\t<\/ul>\n\t<ul>\n\t\t<li>\t\t\t\t\n\t\t<h4>Disponibilit\u00e9<\/h4><p>Bas\u00e9s \u00e0 Paris \u00e0 quelques pas des Champs \u00c9lys\u00e9es<\/p><\/li>\t<\/ul>\n\n","protected":false},"excerpt":{"rendered":"<p>Vos placements Mazarine Paris Assurance vie (placement pr\u00e9f\u00e9r\u00e9 des fran\u00e7ais) Demander un audit patrimonial Services Ce que nous pouvons vous apporter #1 Assurance vie Nous vous proposons des placements financiers \u00e0 travers l&rsquo;assurance vie, tout en vous permettant d&rsquo;acc\u00e9der \u00e0 une multitude d&rsquo;OPCM s\u00e9lectionn\u00e9s en fonction des opportunit\u00e9s du moment. En savoir plus #2 LE [&hellip;]<\/p>\n","protected":false},"author":1,"featured_media":0,"parent":0,"menu_order":0,"comment_status":"closed","ping_status":"closed","template":"","meta":{"footnotes":""},"class_list":["post-126","page","type-page","status-publish","hentry"],"_links":{"self":[{"href":"https:\/\/mazarineparis.fr\/index.php?rest_route=\/wp\/v2\/pages\/126","targetHints":{"allow":["GET"]}}],"collection":[{"href":"https:\/\/mazarineparis.fr\/index.php?rest_route=\/wp\/v2\/pages"}],"about":[{"href":"https:\/\/mazarineparis.fr\/index.php?rest_route=\/wp\/v2\/types\/page"}],"author":[{"embeddable":true,"href":"https:\/\/mazarineparis.fr\/index.php?rest_route=\/wp\/v2\/users\/1"}],"replies":[{"embeddable":true,"href":"https:\/\/mazarineparis.fr\/index.php?rest_route=%2Fwp%2Fv2%2Fcomments&post=126"}],"version-history":[{"count":22,"href":"https:\/\/mazarineparis.fr\/index.php?rest_route=\/wp\/v2\/pages\/126\/revisions"}],"predecessor-version":[{"id":455,"href":"https:\/\/mazarineparis.fr\/index.php?rest_route=\/wp\/v2\/pages\/126\/revisions\/455"}],"wp:attachment":[{"href":"https:\/\/mazarineparis.fr\/index.php?rest_route=%2Fwp%2Fv2%2Fmedia&parent=126"}],"curies":[{"name":"wp","href":"https:\/\/api.w.org\/{rel}","templated":true}]}}